{"id":9,"date":"2022-01-25T10:18:51","date_gmt":"2022-01-25T09:18:51","guid":{"rendered":"https:\/\/simon-widdig.de\/website\/?page_id=9"},"modified":"2026-03-04T13:01:52","modified_gmt":"2026-03-04T12:01:52","slug":"willkommen","status":"publish","type":"page","link":"https:\/\/simon-widdig.de\/website\/","title":{"rendered":"Willkommen"},"content":{"rendered":"\n<p><span style=\"color: #808080;\"><strong>auf der Homepage der Simon &amp; Widdig GbR - B\u00fcro f\u00fcr Landschafts\u00f6kologie<\/strong><\/span><\/p>\n\n\n\n<p><\/p>\n\n\n\n<p><\/p>\n\n\n\n<p><\/p>\n\n\n\n<p><\/p>\n\n\n\n<p>&nbsp;<\/p>\n\n\n\n<p><p>\u00a0<\/p><br><\/p>\n\n\n\n<p>&nbsp;<\/p>\n\n\n\n<p>&nbsp;<\/p>\n\n\n\n<p>&nbsp;<\/p>\n\n\n\n<p>&nbsp;<\/p>\n\n\n\n<p>&nbsp;<\/p>\n","protected":false},"excerpt":{"rendered":"<p>auf der Homepage der Simon &amp; Widdig GbR - B\u00fcro f\u00fcr Landschafts\u00f6kologie &nbsp; \u00a0 &nbsp; &nbsp; &nbsp; &nbsp; &nbsp;<\/p>\n","protected":false},"author":3,"featured_media":739,"parent":0,"menu_order":0,"comment_status":"closed","ping_status":"closed","template":"page-templates\/full-width.php","meta":{"ngg_post_thumbnail":0,"footnotes":""},"class_list":["post-9","page","type-page","status-publish","has-post-thumbnail","h-entry","hentry","h-as-page"],"_links":{"self":[{"href":"https:\/\/simon-widdig.de\/website\/wp-json\/wp\/v2\/pages\/9","targetHints":{"allow":["GET"]}}],"collection":[{"href":"https:\/\/simon-widdig.de\/website\/wp-json\/wp\/v2\/pages"}],"about":[{"href":"https:\/\/simon-widdig.de\/website\/wp-json\/wp\/v2\/types\/page"}],"author":[{"embeddable":true,"href":"https:\/\/simon-widdig.de\/website\/wp-json\/wp\/v2\/users\/3"}],"replies":[{"embeddable":true,"href":"https:\/\/simon-widdig.de\/website\/wp-json\/wp\/v2\/comments?post=9"}],"version-history":[{"count":42,"href":"https:\/\/simon-widdig.de\/website\/wp-json\/wp\/v2\/pages\/9\/revisions"}],"predecessor-version":[{"id":1351,"href":"https:\/\/simon-widdig.de\/website\/wp-json\/wp\/v2\/pages\/9\/revisions\/1351"}],"wp:featuredmedia":[{"embeddable":true,"href":"https:\/\/simon-widdig.de\/website\/wp-json\/wp\/v2\/media\/739"}],"wp:attachment":[{"href":"https:\/\/simon-widdig.de\/website\/wp-json\/wp\/v2\/media?parent=9"}],"curies":[{"name":"wp","href":"https:\/\/api.w.org\/{rel}","templated":true}]}}