{"id":894,"date":"2023-03-15T09:53:23","date_gmt":"2023-03-15T08:53:23","guid":{"rendered":"https:\/\/simon-widdig.de\/website\/?page_id=894"},"modified":"2024-07-09T09:52:51","modified_gmt":"2024-07-09T07:52:51","slug":"informationen-fuer-buergerinnen","status":"publish","type":"page","link":"https:\/\/simon-widdig.de\/website\/informationen-fuer-buergerinnen\/","title":{"rendered":"Informationen f\u00fcr B\u00fcrgerInnen"},"content":{"rendered":"\n<p>Regelm\u00e4\u00dfig ist es f\u00fcr unsere Projekte unvermeidbar, dass wir uns mit der Erfassung von Flora und Fauna des Untersuchungsgebietes intensiv auseinandersetzen. Unser Ziel ist es, fundierte Kenntnisse \u00fcber die vorhandene Tier- und Pflanzenwelt durch Kartierungen zu erlangen. Mit diesen Kenntnissen k\u00f6nnen wir dann einsch\u00e4tzen, ob m\u00f6gliche Eingriffe oder Vorhaben zu erheblichen Beeintr\u00e4chtigungen der Pflanzen und Tiere f\u00fchren w\u00fcrden. Gleichzeitig kann dann gepr\u00fcft werden, welche Ma\u00dfnahmen getroffen werden m\u00fcssen, um Beeintr\u00e4chtigungen m\u00f6glichst gering zu halten oder ob ein Ausgleich geschaffen werden muss.<\/p>\n\n\n\n<p>Der aktuelle Stand des Arteninventars verschiedener Organismengruppen muss also anhand von Kartierungen ermittelt werden. Hierzu stellen wir im Gel\u00e4nde beispielsweise auch Erfassungsger\u00e4te auf oder bringen k\u00fcnstliche Nisthilfen und Verstecke im Gel\u00e4nde aus. Nachfolgend m\u00f6chten wir Ihnen einige Erfassungsmethoden kurz vorstellen, die Sie in unseren Projektgebieten m\u00f6glicherweise gesehen haben:<\/p>\n\n\n\n<p><\/p>\n\n\n\n<figure class=\"wp-block-image size-medium\"><a href=\"https:\/\/simon-widdig.de\/website\/fledermaus-erfassung\/\" rel=\"https:\/\/simon-widdig.de\/website\/fledermaus-erfassung\/\"><img loading=\"lazy\" decoding=\"async\" width=\"300\" height=\"84\" src=\"https:\/\/simon-widdig.de\/website\/wp-content\/uploads\/2022\/05\/DauerBC_1600x450-1-300x84.jpg\" alt=\"\" class=\"wp-image-554\" srcset=\"https:\/\/simon-widdig.de\/website\/wp-content\/uploads\/2022\/05\/DauerBC_1600x450-1-300x84.jpg 300w, https:\/\/simon-widdig.de\/website\/wp-content\/uploads\/2022\/05\/DauerBC_1600x450-1-1024x288.jpg 1024w, https:\/\/simon-widdig.de\/website\/wp-content\/uploads\/2022\/05\/DauerBC_1600x450-1-768x216.jpg 768w, https:\/\/simon-widdig.de\/website\/wp-content\/uploads\/2022\/05\/DauerBC_1600x450-1-1536x432.jpg 1536w, https:\/\/simon-widdig.de\/website\/wp-content\/uploads\/2022\/05\/DauerBC_1600x450-1-960x270.jpg 960w, https:\/\/simon-widdig.de\/website\/wp-content\/uploads\/2022\/05\/DauerBC_1600x450-1.jpg 1600w\" sizes=\"auto, (max-width: 300px) 100vw, 300px\" \/><\/a><figcaption class=\"wp-element-caption\"><a href=\"https:\/\/simon-widdig.de\/website\/fledermaus-erfassung\/\">Informationen zur Fledermaus-Erfassung<\/a><\/figcaption><\/figure>\n\n\n\n<figure class=\"wp-block-image size-medium\"><a href=\"https:\/\/simon-widdig.de\/website\/haselmaus-untersuchung\/\"><img loading=\"lazy\" decoding=\"async\" width=\"300\" height=\"84\" src=\"https:\/\/simon-widdig.de\/website\/wp-content\/uploads\/2022\/04\/Hm-tube-300x84.jpg\" alt=\"\" class=\"wp-image-527\" srcset=\"https:\/\/simon-widdig.de\/website\/wp-content\/uploads\/2022\/04\/Hm-tube-300x84.jpg 300w, https:\/\/simon-widdig.de\/website\/wp-content\/uploads\/2022\/04\/Hm-tube-1024x288.jpg 1024w, https:\/\/simon-widdig.de\/website\/wp-content\/uploads\/2022\/04\/Hm-tube-768x216.jpg 768w, https:\/\/simon-widdig.de\/website\/wp-content\/uploads\/2022\/04\/Hm-tube-1536x432.jpg 1536w, https:\/\/simon-widdig.de\/website\/wp-content\/uploads\/2022\/04\/Hm-tube-960x270.jpg 960w, https:\/\/simon-widdig.de\/website\/wp-content\/uploads\/2022\/04\/Hm-tube.jpg 1600w\" sizes=\"auto, (max-width: 300px) 100vw, 300px\" \/><\/a><figcaption class=\"wp-element-caption\"><a href=\"https:\/\/simon-widdig.de\/website\/haselmaus-untersuchung\/\">Informationen zur Haselmaus-Untersuchung<\/a><\/figcaption><\/figure>\n\n\n\n<figure class=\"wp-block-image size-medium\"><a href=\"https:\/\/simon-widdig.de\/website\/reptilien-untersuchung\/\"><img loading=\"lazy\" decoding=\"async\" width=\"300\" height=\"84\" src=\"https:\/\/simon-widdig.de\/website\/wp-content\/uploads\/2022\/11\/ze-300x84.jpg\" alt=\"\" class=\"wp-image-607\" srcset=\"https:\/\/simon-widdig.de\/website\/wp-content\/uploads\/2022\/11\/ze-300x84.jpg 300w, https:\/\/simon-widdig.de\/website\/wp-content\/uploads\/2022\/11\/ze-1024x288.jpg 1024w, https:\/\/simon-widdig.de\/website\/wp-content\/uploads\/2022\/11\/ze-768x216.jpg 768w, https:\/\/simon-widdig.de\/website\/wp-content\/uploads\/2022\/11\/ze-1536x432.jpg 1536w, https:\/\/simon-widdig.de\/website\/wp-content\/uploads\/2022\/11\/ze-960x270.jpg 960w, https:\/\/simon-widdig.de\/website\/wp-content\/uploads\/2022\/11\/ze.jpg 1600w\" sizes=\"auto, (max-width: 300px) 100vw, 300px\" \/><\/a><figcaption class=\"wp-element-caption\"><a href=\"https:\/\/simon-widdig.de\/website\/reptilien-untersuchung\/\" data-type=\"page\" data-id=\"542\">Informationen zur Reptilien-Erfassung<\/a><\/figcaption><\/figure>\n","protected":false},"excerpt":{"rendered":"<p>Regelm\u00e4\u00dfig ist es f\u00fcr unsere Projekte unvermeidbar, dass wir uns mit der Erfassung von Flora und Fauna des Untersuchungsgebietes intensiv auseinandersetzen. Unser Ziel ist es, fundierte Kenntnisse \u00fcber die vorhandene Tier- und Pflanzenwelt durch Kartierungen zu erlangen. Mit diesen Kenntnissen k\u00f6nnen wir dann einsch\u00e4tzen, ob m\u00f6gliche Eingriffe oder Vorhaben zu erheblichen Beeintr\u00e4chtigungen der Pflanzen und <a href=\"https:\/\/simon-widdig.de\/website\/informationen-fuer-buergerinnen\/\" class=\"more-link\">...weiterlesen<span class=\"screen-reader-text\"> \"Informationen f\u00fcr B\u00fcrgerInnen\"<\/span><\/a><\/p>\n","protected":false},"author":3,"featured_media":0,"parent":0,"menu_order":0,"comment_status":"closed","ping_status":"closed","template":"","meta":{"ngg_post_thumbnail":0,"footnotes":""},"class_list":["post-894","page","type-page","status-publish","h-entry","hentry","h-as-page"],"_links":{"self":[{"href":"https:\/\/simon-widdig.de\/website\/wp-json\/wp\/v2\/pages\/894","targetHints":{"allow":["GET"]}}],"collection":[{"href":"https:\/\/simon-widdig.de\/website\/wp-json\/wp\/v2\/pages"}],"about":[{"href":"https:\/\/simon-widdig.de\/website\/wp-json\/wp\/v2\/types\/page"}],"author":[{"embeddable":true,"href":"https:\/\/simon-widdig.de\/website\/wp-json\/wp\/v2\/users\/3"}],"replies":[{"embeddable":true,"href":"https:\/\/simon-widdig.de\/website\/wp-json\/wp\/v2\/comments?post=894"}],"version-history":[{"count":11,"href":"https:\/\/simon-widdig.de\/website\/wp-json\/wp\/v2\/pages\/894\/revisions"}],"predecessor-version":[{"id":1216,"href":"https:\/\/simon-widdig.de\/website\/wp-json\/wp\/v2\/pages\/894\/revisions\/1216"}],"wp:attachment":[{"href":"https:\/\/simon-widdig.de\/website\/wp-json\/wp\/v2\/media?parent=894"}],"curies":[{"name":"wp","href":"https:\/\/api.w.org\/{rel}","templated":true}]}}