{"id":542,"date":"2022-05-06T08:13:31","date_gmt":"2022-05-06T06:13:31","guid":{"rendered":"https:\/\/simon-widdig.de\/website\/?page_id=542"},"modified":"2022-12-09T13:21:10","modified_gmt":"2022-12-09T12:21:10","slug":"reptilien-untersuchung","status":"publish","type":"page","link":"https:\/\/simon-widdig.de\/website\/reptilien-untersuchung\/","title":{"rendered":"Reptilien-Untersuchung"},"content":{"rendered":"\n<p>Sie sind am Waldrand, an einer Hecke oder an einer Stra\u00dfenb\u00f6schung auf ein St\u00fcck Dachpappe mit einer Nummer (und unserem Aufkleber \/ QR-Code) gesto\u00dfen. Hierbei handelt es sich um eine sogenannte Reptilienpappe.<\/p>\n\n\n<div class=\"wp-block-image\">\n<figure class=\"alignright size-medium\"><img loading=\"lazy\" decoding=\"async\" width=\"169\" height=\"300\" src=\"https:\/\/simon-widdig.de\/website\/wp-content\/uploads\/2022\/11\/IMG_20220429_092250722-169x300.jpg\" alt=\"\" class=\"wp-image-611\" srcset=\"https:\/\/simon-widdig.de\/website\/wp-content\/uploads\/2022\/11\/IMG_20220429_092250722-169x300.jpg 169w, https:\/\/simon-widdig.de\/website\/wp-content\/uploads\/2022\/11\/IMG_20220429_092250722-576x1024.jpg 576w, https:\/\/simon-widdig.de\/website\/wp-content\/uploads\/2022\/11\/IMG_20220429_092250722-768x1365.jpg 768w, https:\/\/simon-widdig.de\/website\/wp-content\/uploads\/2022\/11\/IMG_20220429_092250722-864x1536.jpg 864w, https:\/\/simon-widdig.de\/website\/wp-content\/uploads\/2022\/11\/IMG_20220429_092250722-1153x2048.jpg 1153w, https:\/\/simon-widdig.de\/website\/wp-content\/uploads\/2022\/11\/IMG_20220429_092250722-1600x2843.jpg 1600w, https:\/\/simon-widdig.de\/website\/wp-content\/uploads\/2022\/11\/IMG_20220429_092250722-960x1706.jpg 960w, https:\/\/simon-widdig.de\/website\/wp-content\/uploads\/2022\/11\/IMG_20220429_092250722-scaled.jpg 1441w\" sizes=\"auto, (max-width: 169px) 100vw, 169px\" \/><figcaption class=\"wp-element-caption\">Reptilienpappe<\/figcaption><\/figure>\n<\/div>\n\n\n<p><\/p>\n\n\n\n<p>Mithilfe dieser Pappen untersuchen wir das Artenspektrum von Reptilien in der Umgebung.<\/p>\n\n\n\n<p>Viele heimische Reptilienarten nutzen diese Pappen gerne als Verstecke oder um sich unter ihnen aufzuw\u00e4rmen. Die Pappen werden daher bevorzugt an gesch\u00fctzten, mehr oder weniger besonnten Stellen, meist an Grenzlinien oder \u00dcbergangsbereichen wie z. B. entlang von Waldr\u00e4ndern oder Hecken, an Gew\u00e4sserufern oder Stra\u00dfenb\u00f6schungen ausgelegt.<\/p>\n\n\n\n<p>Bitte lassen sie die Pappen liegen, wir entfernen diese nach Abschluss der Untersuchungen (meist im Sp\u00e4therbst) umgehend wieder.<\/p>\n\n\n\n<p><\/p>\n","protected":false},"excerpt":{"rendered":"<p>Sie sind am Waldrand, an einer Hecke oder an einer Stra\u00dfenb\u00f6schung auf ein St\u00fcck Dachpappe mit einer Nummer (und unserem Aufkleber \/ QR-Code) gesto\u00dfen. Hierbei handelt es sich um eine sogenannte Reptilienpappe. Mithilfe dieser Pappen untersuchen wir das Artenspektrum von Reptilien in der Umgebung. Viele heimische Reptilienarten nutzen diese Pappen gerne als Verstecke oder um <a href=\"https:\/\/simon-widdig.de\/website\/reptilien-untersuchung\/\" class=\"more-link\">...weiterlesen<span class=\"screen-reader-text\"> \"Reptilien-Untersuchung\"<\/span><\/a><\/p>\n","protected":false},"author":3,"featured_media":607,"parent":0,"menu_order":0,"comment_status":"closed","ping_status":"closed","template":"","meta":{"ngg_post_thumbnail":0,"footnotes":""},"class_list":["post-542","page","type-page","status-publish","has-post-thumbnail","h-entry","hentry","h-as-page"],"_links":{"self":[{"href":"https:\/\/simon-widdig.de\/website\/wp-json\/wp\/v2\/pages\/542","targetHints":{"allow":["GET"]}}],"collection":[{"href":"https:\/\/simon-widdig.de\/website\/wp-json\/wp\/v2\/pages"}],"about":[{"href":"https:\/\/simon-widdig.de\/website\/wp-json\/wp\/v2\/types\/page"}],"author":[{"embeddable":true,"href":"https:\/\/simon-widdig.de\/website\/wp-json\/wp\/v2\/users\/3"}],"replies":[{"embeddable":true,"href":"https:\/\/simon-widdig.de\/website\/wp-json\/wp\/v2\/comments?post=542"}],"version-history":[{"count":5,"href":"https:\/\/simon-widdig.de\/website\/wp-json\/wp\/v2\/pages\/542\/revisions"}],"predecessor-version":[{"id":856,"href":"https:\/\/simon-widdig.de\/website\/wp-json\/wp\/v2\/pages\/542\/revisions\/856"}],"wp:featuredmedia":[{"embeddable":true,"href":"https:\/\/simon-widdig.de\/website\/wp-json\/wp\/v2\/media\/607"}],"wp:attachment":[{"href":"https:\/\/simon-widdig.de\/website\/wp-json\/wp\/v2\/media?parent=542"}],"curies":[{"name":"wp","href":"https:\/\/api.w.org\/{rel}","templated":true}]}}