{"id":539,"date":"2022-05-06T08:09:45","date_gmt":"2022-05-06T06:09:45","guid":{"rendered":"https:\/\/simon-widdig.de\/website\/?page_id=539"},"modified":"2023-02-28T14:58:43","modified_gmt":"2023-02-28T13:58:43","slug":"fledermaus-erfassung","status":"publish","type":"page","link":"https:\/\/simon-widdig.de\/website\/fledermaus-erfassung\/","title":{"rendered":"Fledermaus-Erfassung"},"content":{"rendered":"<div class=\"wp-block-image is-style-default\">\n<figure class=\"alignright size-medium is-resized\"><img decoding=\"async\" src=\"https:\/\/simon-widdig.de\/website\/wp-content\/uploads\/2022\/05\/Horchbox_Baum-1-202x300.jpg\" alt=\"\" class=\"wp-image-556\" width=\"220\" srcset=\"https:\/\/simon-widdig.de\/website\/wp-content\/uploads\/2022\/05\/Horchbox_Baum-1-202x300.jpg 202w, https:\/\/simon-widdig.de\/website\/wp-content\/uploads\/2022\/05\/Horchbox_Baum-1-690x1024.jpg 690w, https:\/\/simon-widdig.de\/website\/wp-content\/uploads\/2022\/05\/Horchbox_Baum-1-768x1140.jpg 768w, https:\/\/simon-widdig.de\/website\/wp-content\/uploads\/2022\/05\/Horchbox_Baum-1-1035x1536.jpg 1035w, https:\/\/simon-widdig.de\/website\/wp-content\/uploads\/2022\/05\/Horchbox_Baum-1-1380x2048.jpg 1380w, https:\/\/simon-widdig.de\/website\/wp-content\/uploads\/2022\/05\/Horchbox_Baum-1-960x1425.jpg 960w, https:\/\/simon-widdig.de\/website\/wp-content\/uploads\/2022\/05\/Horchbox_Baum-1.jpg 1479w\" sizes=\"(max-width: 202px) 100vw, 202px\" \/><figcaption class=\"wp-element-caption\">Horchbox mit Scheibenmikrofon und Solarpanel f\u00fcr l\u00e4ngere Erfassungszeitr\u00e4ume.<\/figcaption><\/figure>\n<\/div>\n\n\n<p>Sie sind im Wald oder in der Feldflur auf eine unserer Horchboxen gesto\u00dfen.<\/p>\n\n\n\n<p>In dieser Box befindet sich ein Ultraschallaufnahmeger\u00e4t, das nachts die Rufe von Flederm\u00e4usen aufnimmt.  Diese Aufnahmen helfen uns das Artenspektrum der Flederm\u00e4use in der Umgebung zu ermitteln. <\/p>\n\n\n<div class=\"wp-block-image is-style-default\">\n<figure class=\"alignleft size-medium is-resized\"><img decoding=\"async\" src=\"https:\/\/simon-widdig.de\/website\/wp-content\/uploads\/2022\/05\/Horchbox_Staender-1-196x300.jpg\" alt=\"\" class=\"wp-image-558\" width=\"220\" srcset=\"https:\/\/simon-widdig.de\/website\/wp-content\/uploads\/2022\/05\/Horchbox_Staender-1-196x300.jpg 196w, https:\/\/simon-widdig.de\/website\/wp-content\/uploads\/2022\/05\/Horchbox_Staender-1-667x1024.jpg 667w, https:\/\/simon-widdig.de\/website\/wp-content\/uploads\/2022\/05\/Horchbox_Staender-1-768x1178.jpg 768w, https:\/\/simon-widdig.de\/website\/wp-content\/uploads\/2022\/05\/Horchbox_Staender-1-1001x1536.jpg 1001w, https:\/\/simon-widdig.de\/website\/wp-content\/uploads\/2022\/05\/Horchbox_Staender-1-1335x2048.jpg 1335w, https:\/\/simon-widdig.de\/website\/wp-content\/uploads\/2022\/05\/Horchbox_Staender-1-960x1473.jpg 960w, https:\/\/simon-widdig.de\/website\/wp-content\/uploads\/2022\/05\/Horchbox_Staender-1.jpg 1452w\" sizes=\"(max-width: 196px) 100vw, 196px\" \/><figcaption class=\"wp-element-caption\">Horchbox mit Stabmikrofon. <\/figcaption><\/figure>\n<\/div>\n\n\n<p>Das Ger\u00e4t zeichnet ausschlie\u00dflich Ultraschalllaute von Flederm\u00e4usen auf, andere Ger\u00e4usche (z. B. menschliche Stimmen etc.) werden nicht aufgenommen. Die Ger\u00e4te besitzen auch keine Kamera. Bei der runden \u00d6ffnung (im rechten Bild) handelt es sich um ein sog. Scheibenmikrofon.<\/p>\n\n\n\n<p>Je nach Einsatzzweck und -dauer setzen wir unterschiedliche Typen von Horchboxen an verschiedenen Standorten ein.  <\/p>\n\n\n\n<p>Nach Abschluss der Untersuchungen entfernen wir die Boxen umgehend wieder.<\/p>\n\n\n\n<p>Informationen zu unseren heimischen Flederm\u00e4usen finden sie hier:<\/p>\n\n\n\n<p><a href=\"https:\/\/www.nabu.de\/tiere-und-pflanzen\/saeugetiere\/fledermaeuse\/arten\/index.html\">https:\/\/www.nabu.de\/tiere-und-pflanzen\/saeugetiere\/fledermaeuse\/arten\/index.html<\/a><\/p>\n\n\n\n<p>(Beim Anklicken des Link werden sie zu einer externen Seite weiter geleitet).<\/p>\n","protected":false},"excerpt":{"rendered":"<p>Sie sind im Wald oder in der Feldflur auf eine unserer Horchboxen gesto\u00dfen. In dieser Box befindet sich ein Ultraschallaufnahmeger\u00e4t, das nachts die Rufe von Flederm\u00e4usen aufnimmt. Diese Aufnahmen helfen uns das Artenspektrum der Flederm\u00e4use in der Umgebung zu ermitteln. Das Ger\u00e4t zeichnet ausschlie\u00dflich Ultraschalllaute von Flederm\u00e4usen auf, andere Ger\u00e4usche (z. B. menschliche Stimmen etc.) <a href=\"https:\/\/simon-widdig.de\/website\/fledermaus-erfassung\/\" class=\"more-link\">...weiterlesen<span class=\"screen-reader-text\"> \"Fledermaus-Erfassung\"<\/span><\/a><\/p>\n","protected":false},"author":3,"featured_media":554,"parent":0,"menu_order":0,"comment_status":"closed","ping_status":"closed","template":"","meta":{"ngg_post_thumbnail":0,"footnotes":""},"class_list":["post-539","page","type-page","status-publish","has-post-thumbnail","h-entry","hentry","h-as-page"],"_links":{"self":[{"href":"https:\/\/simon-widdig.de\/website\/wp-json\/wp\/v2\/pages\/539","targetHints":{"allow":["GET"]}}],"collection":[{"href":"https:\/\/simon-widdig.de\/website\/wp-json\/wp\/v2\/pages"}],"about":[{"href":"https:\/\/simon-widdig.de\/website\/wp-json\/wp\/v2\/types\/page"}],"author":[{"embeddable":true,"href":"https:\/\/simon-widdig.de\/website\/wp-json\/wp\/v2\/users\/3"}],"replies":[{"embeddable":true,"href":"https:\/\/simon-widdig.de\/website\/wp-json\/wp\/v2\/comments?post=539"}],"version-history":[{"count":14,"href":"https:\/\/simon-widdig.de\/website\/wp-json\/wp\/v2\/pages\/539\/revisions"}],"predecessor-version":[{"id":890,"href":"https:\/\/simon-widdig.de\/website\/wp-json\/wp\/v2\/pages\/539\/revisions\/890"}],"wp:featuredmedia":[{"embeddable":true,"href":"https:\/\/simon-widdig.de\/website\/wp-json\/wp\/v2\/media\/554"}],"wp:attachment":[{"href":"https:\/\/simon-widdig.de\/website\/wp-json\/wp\/v2\/media?parent=539"}],"curies":[{"name":"wp","href":"https:\/\/api.w.org\/{rel}","templated":true}]}}