{"id":523,"date":"2022-04-26T10:18:47","date_gmt":"2022-04-26T08:18:47","guid":{"rendered":"https:\/\/simon-widdig.de\/website\/?page_id=523"},"modified":"2022-11-25T12:18:45","modified_gmt":"2022-11-25T11:18:45","slug":"haselmaus-untersuchung","status":"publish","type":"page","link":"https:\/\/simon-widdig.de\/website\/haselmaus-untersuchung\/","title":{"rendered":"Haselmaus-Untersuchung"},"content":{"rendered":"\n<p>Sie haben einen unserer Haselmaus-Tubes gefunden und sich gefragt, warum diese R\u00f6hren im Geb\u00fcsch h\u00e4ngen und wozu sie dienen. Hier finden sie die Antwort:<\/p>\n\n\n<div class=\"wp-block-image is-style-default\">\n<figure class=\"alignright size-medium\"><img loading=\"lazy\" decoding=\"async\" width=\"225\" height=\"300\" src=\"https:\/\/simon-widdig.de\/website\/wp-content\/uploads\/2022\/11\/P1490805-225x300.jpg\" alt=\"\" class=\"wp-image-603\" srcset=\"https:\/\/simon-widdig.de\/website\/wp-content\/uploads\/2022\/11\/P1490805-225x300.jpg 225w, https:\/\/simon-widdig.de\/website\/wp-content\/uploads\/2022\/11\/P1490805-768x1024.jpg 768w, https:\/\/simon-widdig.de\/website\/wp-content\/uploads\/2022\/11\/P1490805-1152x1536.jpg 1152w, https:\/\/simon-widdig.de\/website\/wp-content\/uploads\/2022\/11\/P1490805-1536x2048.jpg 1536w, https:\/\/simon-widdig.de\/website\/wp-content\/uploads\/2022\/11\/P1490805-1600x2133.jpg 1600w, https:\/\/simon-widdig.de\/website\/wp-content\/uploads\/2022\/11\/P1490805-960x1280.jpg 960w, https:\/\/simon-widdig.de\/website\/wp-content\/uploads\/2022\/11\/P1490805-scaled.jpg 1920w\" sizes=\"auto, (max-width: 225px) 100vw, 225px\" \/><figcaption class=\"wp-element-caption\">Haselmaus (<em>Muscardinus avellanarius<\/em>)<\/figcaption><\/figure>\n<\/div>\n\n\n<p>Wir untersuchen das Vorkommen der europaweit streng gesch\u00fctzten Haselmaus (<em>Muscardinus avellanarius<\/em>). Bei der schwarzen R\u00f6hre handelt es sich um ein sogenanntes Nesttube f\u00fcr Haselm\u00e4use. Die Haselm\u00e4use nutzen diese als Verstecke und bauen dort ihre Nester.<\/p>\n\n\n\n<p>Mit Hilfe der Tubes k\u00f6nnen Vorkommen der Haselmaus relativ einfach erfasst werden. Die nat\u00fcrlichen Nester der Haselmaus sind gut getarnt und \u00e4u\u00dferst schwer zu finden.<\/p>\n\n\n\n<p>Nach Abschluss der Untersuchung im Herbst werden von uns die Nesttubes wieder eingesammelt. Die Haselmaus ist dann bereits im Winterschlaf und nutzt die Tubes nicht mehr. <\/p>\n\n\n<div class=\"wp-block-image\">\n<figure class=\"alignleft size-medium\"><img loading=\"lazy\" decoding=\"async\" width=\"300\" height=\"225\" src=\"https:\/\/simon-widdig.de\/website\/wp-content\/uploads\/2022\/11\/P1110086-300x225.jpg\" alt=\"\" class=\"wp-image-600\" srcset=\"https:\/\/simon-widdig.de\/website\/wp-content\/uploads\/2022\/11\/P1110086-300x225.jpg 300w, https:\/\/simon-widdig.de\/website\/wp-content\/uploads\/2022\/11\/P1110086-1024x768.jpg 1024w, https:\/\/simon-widdig.de\/website\/wp-content\/uploads\/2022\/11\/P1110086-768x576.jpg 768w, https:\/\/simon-widdig.de\/website\/wp-content\/uploads\/2022\/11\/P1110086-1536x1152.jpg 1536w, https:\/\/simon-widdig.de\/website\/wp-content\/uploads\/2022\/11\/P1110086-2048x1536.jpg 2048w, https:\/\/simon-widdig.de\/website\/wp-content\/uploads\/2022\/11\/P1110086-1600x1200.jpg 1600w, https:\/\/simon-widdig.de\/website\/wp-content\/uploads\/2022\/11\/P1110086-960x720.jpg 960w\" sizes=\"auto, (max-width: 300px) 100vw, 300px\" \/><figcaption class=\"wp-element-caption\">Haselmaus in einem Nesttube<\/figcaption><\/figure>\n<\/div>\n\n\n<p>Informationen zur Haselmaus finden sie hier: <a href=\"https:\/\/www.bfn.de\/artenportraits\/muscardinus-avellanarius\">https:\/\/www.bfn.de\/artenportraits\/muscardinus-avellanarius<\/a> (Beim Anklicken des Link werden sie zu einer externen Seite weiter geleitet).<\/p>\n\n\n\n<p><\/p>\n","protected":false},"excerpt":{"rendered":"<p>Sie haben einen unserer Haselmaus-Tubes gefunden und sich gefragt, warum diese R\u00f6hren im Geb\u00fcsch h\u00e4ngen und wozu sie dienen. Hier finden sie die Antwort: Wir untersuchen das Vorkommen der europaweit streng gesch\u00fctzten Haselmaus (Muscardinus avellanarius). Bei der schwarzen R\u00f6hre handelt es sich um ein sogenanntes Nesttube f\u00fcr Haselm\u00e4use. Die Haselm\u00e4use nutzen diese als Verstecke und <a href=\"https:\/\/simon-widdig.de\/website\/haselmaus-untersuchung\/\" class=\"more-link\">...weiterlesen<span class=\"screen-reader-text\"> \"Haselmaus-Untersuchung\"<\/span><\/a><\/p>\n","protected":false},"author":3,"featured_media":527,"parent":0,"menu_order":0,"comment_status":"closed","ping_status":"closed","template":"","meta":{"ngg_post_thumbnail":0,"footnotes":""},"class_list":["post-523","page","type-page","status-publish","has-post-thumbnail","h-entry","hentry","h-as-page"],"_links":{"self":[{"href":"https:\/\/simon-widdig.de\/website\/wp-json\/wp\/v2\/pages\/523","targetHints":{"allow":["GET"]}}],"collection":[{"href":"https:\/\/simon-widdig.de\/website\/wp-json\/wp\/v2\/pages"}],"about":[{"href":"https:\/\/simon-widdig.de\/website\/wp-json\/wp\/v2\/types\/page"}],"author":[{"embeddable":true,"href":"https:\/\/simon-widdig.de\/website\/wp-json\/wp\/v2\/users\/3"}],"replies":[{"embeddable":true,"href":"https:\/\/simon-widdig.de\/website\/wp-json\/wp\/v2\/comments?post=523"}],"version-history":[{"count":7,"href":"https:\/\/simon-widdig.de\/website\/wp-json\/wp\/v2\/pages\/523\/revisions"}],"predecessor-version":[{"id":820,"href":"https:\/\/simon-widdig.de\/website\/wp-json\/wp\/v2\/pages\/523\/revisions\/820"}],"wp:featuredmedia":[{"embeddable":true,"href":"https:\/\/simon-widdig.de\/website\/wp-json\/wp\/v2\/media\/527"}],"wp:attachment":[{"href":"https:\/\/simon-widdig.de\/website\/wp-json\/wp\/v2\/media?parent=523"}],"curies":[{"name":"wp","href":"https:\/\/api.w.org\/{rel}","templated":true}]}}