{"id":366,"date":"2022-11-16T09:36:16","date_gmt":"2022-11-16T08:36:16","guid":{"rendered":"https:\/\/simon-widdig.de\/website\/?page_id=366"},"modified":"2023-05-15T09:45:30","modified_gmt":"2023-05-15T07:45:30","slug":"veroeffentlichungen","status":"publish","type":"page","link":"https:\/\/simon-widdig.de\/website\/referenzen\/veroeffentlichungen\/","title":{"rendered":"Ver\u00f6ffentlichungen"},"content":{"rendered":"\n<p>Als Ergebnis unserer langj\u00e4hrigen wissenschaftlichen und gutachterlichen T\u00e4tigkeiten sind einige Publikationen von uns erschienen. Bei Interesse an Sonderdrucken oder Fragen zu den Ver\u00f6ffentlichungen schreiben Sie uns bitte eine <a href=\"https:\/\/www.simon-widdig.de\/website\/kontakt\/\">E-Mail<\/a>.<\/p>\n<ul class=\"publist\" style=\"list-style-type: disc;\">\n<li>WULFERT, K., K\u00d6STERMEYER, H., LAU, M., FISCHER, S., KOSTELNIK, I., SCH\u00d6NE-WARNEFELD, J., WEBER, J. (2022): V\u00f6gel und Windenergienutzung: Best Practice-Beispiele und planerische Ans\u00e4tze zur Konfliktl\u00f6sung. BfN-Schriften 634: 203 Seiten<\/li>\n<li>SIMON, M., RUNGE, H., SCHADE, S. &amp; D. BERNOTAT (2015): Bewertung von Alternativen im Rahmen der Ausnahmepr\u00fcfung nach europ\u00e4ischen Gebiets- und Artenschutzrecht. BfN-Skripten 420.<\/li>\n<li>WULFERT, K., LAU, M., WIDDIG, T., M\u00dcLLER-PFANNENSTIEL, K., MENGEL, A. (2015): Standardi- sierungspotenzial im Bereich der arten- und gebietsschutzrechtlichen Pr\u00fcfung, FuE- Vorhaben im Rahmen des Umweltforschungsplanes des Bundesministeriums f\u00fcr Umwelt, Naturschutz und Reaktorsicherheit im Auftrag des Bundesamtes f\u00fcr Naturschutz \u2013 FKZ 3512 82 2100, Herne, Leipzig, Marburg, Kassel<\/li>\n<li>WOLF, B. &amp;: T. WIDDIG (2013): Aktuelle Bestandssituation der Steinfliegen (<i>Plecoptera<\/i>) in Hessen sowie die Verbreitung einiger ausgew\u00e4hlter Arten. Lauterbornia 76: 171-179<\/li>\n<li>WIDDIG, T. &amp; PETERS, W. (2012): Die Sanierung von Biodiversit\u00e4tssch\u00e4den nach dem Umweltschadensgesetz. In: NNA-Berichte 1\/2012, S.46-52.<\/li>\n<li>SIMON, M., S. H\u00dcTTENB\u00dcGEL &amp; J. SMIT-VIERGUTZ (2004): Ecology and Conservation of Bats in Villages and Towns. Schriftenreihe f\u00fcr Landschaftspflege und Naturschutz 77. Bundesamt f\u00fcr Naturschutz, Bonn-Bad Godesberg, 263 Seiten.<\/li>\n<li>SIMON, M., S. H\u00dcTTENB\u00dcGEL &amp; J. SMIT-VIERGUTZ (2004): \u00d6kologie und Schutz von Flederm\u00e4usen in D\u00f6rfern und St\u00e4dten. Schriftenreihe f\u00fcr Landschaftspflege und Naturschutz 76. Bundesamt f\u00fcr Naturschutz, Bonn-Bad Godesberg, 275 Seiten.<\/li>\n<li>SENDOR, T. &amp; M. SIMON (2003): Population dynamics of the pipistrelle bat: effects of sex, age and winter weather on seasonal survival. Journal of Animal Ecology 72: 308-320.<\/li>\n<li>DIETZ, M. &amp; M. SIMON (2002): Konzept zur Durchf\u00fchrung der Bestandserfassung und des Monitorings f\u00fcr Flederm\u00e4use in FFH-Gebieten im Regierungsbezirk Gie\u00dfen. Gutachten im Auftrag des Landes Hessen, ver\u00f6ffentlicht in BfN-Skipten 73, 2003: 87-140.<\/li>\n<li>FLEGLER, J., L. BECK, B. BEINLICH, H. K\u00d6STERMEYER &amp; K. VAN RHEMEN (2002): Untersuchungen zum Verhalten von Weideschweinen als Grundlage f\u00fcr deren Einsatz in der Landschaftspflege. Verhandlungen der Gesellschaft f\u00fcr \u00d6kologie 32: 143.<\/li>\n<li>K\u00d6STERMEYER, H. (2002): Das europ\u00e4ische Schutzgebietssystem Natura 2000. Ver\u00f6ffentlichungen des Naturkundlichen Vereins Egge-Weser e.V. 15: 5-8.<\/li>\n<li>K\u00d6STERMEYER, H. (2002): Der Kammmolch (<i>Triturus cristatus<\/i>). Ver\u00f6ffentlichungen des Naturkundlichen Vereins Egge-Weser e.V. 15: 71-74.<\/li>\n<li>K\u00d6STERMEYER, H. &amp; B. BEINLICH (2002): Das Vogelschutzgebiet Egge. Ver\u00f6ffentlichungen des Naturkundlichen Vereins Egge-Weser e.V. 15: 75-80.<\/li>\n<li>K\u00d6STERMEYER, H., F. GRAWE, I. SIMON &amp; B. BEINLICH (2002): Die Buchenw\u00e4lder im Kreis H\u00f6xter. Ver\u00f6ffentlichungen des Naturkundlichen Vereins Egge-Weser e.V. 15: 49-60.<\/li>\n<li>K\u00d6STERMEYER, H., B. HILL, M. DIETERICH, L. BECK &amp; B. BEINLICH (2002): Auswirkungen dynamischer Weidesysteme (Schweinefreilandhaltung) auf Carabiden- und Syrphidenz\u00f6nosen. Verhandlungen der Gesellschaft f\u00fcr \u00d6kologie 32: 118.<\/li>\n<li>POSCHLOD, P., M. SCHNEIDER-JACOBY, H. K\u00d6STERMEYER, B. T. HILL &amp; B. BEINLICH. (2002): Does large scale, multi-species pasturing maintain high biodiversity with rare and endangered species? -The Sava floodplain case study. Seiten 367-378 in: B. REDECKER, P. FINCK, W. H\u00c4RDTLE, U. RIECKEN &amp; E. SCHR\u00d6DER (Hrsg.). Pasture Landscapes and Nature Conservation. Springer, Berlin.<\/li>\n<li>SENDOR, T., I. ROEDENBECK, S. HAMPL, M. FERRERI &amp; M. SIMON (2002): Revision of morphological identification of pipistrelle bat phonic types (<i>Pipistrellus pipistellus<\/i>&nbsp;Schreber, 1774). Myotis 40: 11-17.<\/li>\n<li>BEINLICH, B., B. HILL, H. K\u00d6STERMEYER, L. BECK &amp; K. VAN RHEMEN (2001): Schweinefreilandhaltung in der Landschaftspflege - ein \u00dcberblick zum aktuellen Kenntnisstand. Ver\u00f6ffentlichungen des Naturkundlichen Vereins Egge-Weser e.V. 14: 15-30.<\/li>\n<li>K\u00d6STERMEYER, H. (2001): Der Kranichzug im Kreis H\u00f6xter von 1996 bis 2001. Ver\u00f6ffentlichungen des Naturkundlichen Vereins Egge-Weser e.V. 14: 51-58.<\/li>\n<li>FEYERABEND, F. &amp; M. SIMON (2000): Use of roosts and roost switching in a summer colony of 45 kHz phonic type pipistrelle bats (<i>Pipistrellus pipistrellus<\/i>&nbsp;Schreber, 1774). Myotis 38: 51-59.<\/li>\n<li>HILL, B. T., H. K\u00d6STERMEYER &amp; B. BEINLICH (2000): Pigs - the forgotten grazing animal. La Canada 13: 6-7.<\/li>\n<li>K\u00d6STERMEYER, H. &amp; B. HILL (2000): Die Huteweiden in den Save-Auen in Kroatien - Vorstellung eines Lebensraumes unter zoologischen Gesichtspunkten. Verhandlungen der Gesellschaft f\u00fcr \u00d6kologie 30: 272.<\/li>\n<li>KREYER, D., B. HILL, H. K\u00d6STERMEYER, M. DIETERICH &amp; B. BEINLICH (2000): Auswirkungen der Schweinefreilandhaltung auf ausgew\u00e4hlte Wirbellosenz\u00f6nosen in verschiedenen Gr\u00fcnlandtypen - erste Ergebnisse. Verhandlungen der Gesellschaft f\u00fcr \u00d6kologie 30: 273.<\/li>\n<li>POSZIG, D., C. ENGEL &amp; M. SIMON (2000): Untersuchungen zur Jagdhabitatnutzung der Mopsfledermaus (<i>Barbastella barbastellus<\/i>&nbsp;Schreber, 1774) im Oberen Lahntal. Verhandlungen der Gesellschaft f\u00fcr \u00d6kologie Band 30: 129.<\/li>\n<li>RHIEL, S. (2000): \u00d6kologische Untersuchungen zur r\u00e4umlichen und zeitlichen Quartiernutzung sowie zur n\u00e4chtlichen Aktivit\u00e4t des Gro\u00dfen Mausohrs&nbsp;<i>Myotis myotis<\/i>&nbsp;(Borkhausen, 1797). unver\u00f6ffentlichte Diplomarbeit. Philipps-Universit\u00e4t Marburg: 96 Seiten.<\/li>\n<li>SENDOR, T., K. KUGELSCHAFTER &amp; M. SIMON (2000): Jahreszeitliche Variation von Aktivit\u00e4tsmustern an einem Massenwinterquartier der Zwergfledermaus (<i>Pipistrellus pipistrellus<\/i>). Zeitschrift f\u00fcr S\u00e4ugetierkunde 65, Sonderheft: 42.<\/li>\n<li>SENDOR, T., K. KUGELSCHAFTER &amp; M. SIMON (2000): Seasonal variation of activity patterns at a pipistrelle (<i>Pipistrellus pipistrellus<\/i>) hibernaculum. Myotis 38: 91-109.<\/li>\n<li>SENDOR, T. &amp; M. SIMON (2000): Sch\u00e4tzung der Populationsgr\u00f6\u00dfe am Winterquartier schw\u00e4rmender Zwergflederm\u00e4use (<i>Pipistrellus pipistrellus<\/i>): ein Methodenvergleich. Beitr\u00e4ge zur \u00d6kologie 4: 43-52.<\/li>\n<li>SMIT-VIERGUTZ, J. &amp; M. SIMON (2000): Eine vergleichende Analyse des sommerlichen Schw\u00e4rmverhaltens der Zwergfledermaus (45 kHz Ruftyp,&nbsp;<i>Pipistrellus pipistrellus<\/i>&nbsp;Schreber, 1774) an den Invasionsorten und am Winterquartier. Myotis 38: 69-89.<\/li>\n<li>DIETZ, M. &amp; M. SIMON (1999): Fledermausschutz und Fledermausforschung f\u00fcr geb\u00e4udebewohnende Fledermausarten - ein neues Erprobungs- und Entwicklungsvorhaben (E &amp; E) des Bundes. Nyctalus 7: 29-42.<\/li>\n<li>SIMON, M. &amp; K. KUGELSCHAFTER (1999): Die Anspr\u00fcche der Zwergfledermaus (<i>Pipistrellus pipistrellus<\/i>) an ihr Winterquartier. Nyctalus 7: 102-111.<\/li>\n<li>EICHHORN, M. &amp; M. SIMON (1998): Vergleichende \u00f6kologische Untersuchungen an zwei Massenwinterquartieren der Zwergfledermaus (<i>Pipistrellus pipistrellus<\/i>). Zeitschrift f\u00fcr S\u00e4ugetierkunde 63 (Sonderheft): 13-14.<\/li>\n<li>FEYERABEND, F. &amp; M. SIMON (1998): Quartiernutzung und Quartierwechsel von Wochenstubenkolonien der Zwergfledermaus (<i>Pipistrellus pipistrellus<\/i>). Zeitschrift f\u00fcr S\u00e4ugetierkunde 63 (Sonderheft): 16-17.<\/li>\n<li>H\u00dcTTENB\u00dcGEL, S. &amp; M. SIMON (1998): Regionale Strukturierung von Wochenstuben der Zwergfledermaus (<i>Pipistrellus pipistrellus<\/i>&nbsp;Schreber, 1774): ein Vergleich anhand von mitochondrialer DNA. Zeitschrift f\u00fcr S\u00e4ugetierkunde 63 (Sonderheft z. 72. Jahrestagung der DGS): 27-28.<\/li>\n<li>LUBELEY, S. &amp; M. SIMON (1998): Quartiernutzungsdynamik einer Wochenstubenkolonie der Breitfl\u00fcgelfledermaus (<i>Eptesicus serotinus<\/i>) in Mittelhessen. Zeitschrift f\u00fcr S\u00e4ugetierkunde 63 (Sonderheft): 37.<\/li>\n<li>SENDOR, T. &amp; M. SIMON (1998): Methodische Probleme der Populationssch\u00e4tzung hochmobiler Tierarten am Beispiel der Zwergfledermaus (<i>Pipistrellus pipistrellus<\/i>). Zeitschrift f\u00fcr S\u00e4ugetierkunde 63 (Sonderheft): 52-53.<\/li>\n<li>SENDOR, T. &amp; M. SIMON (1998): Temporal differentiation of summer-swarming at a mass hibernaculum of the pipistrelle bat (<i>Pipistrellus pipistrellus<\/i>). Zeitschrift f\u00fcr S\u00e4ugetierkunde 63 (Sonderheft): 51-52.<\/li>\n<li>SIMON, M. (1998): Die sommerliche Erkundungsphase der Zwergfledermaus (<i>Pipistrellus pipistrellus<\/i>) unter r\u00e4umlich-funktionalem Aspekt. Zeitschrift f\u00fcr S\u00e4ugetierkunde 63 (Sonderheft): 53.<\/li>\n<li>SMIT, J. &amp; M. SIMON (1998): Populations\u00f6kologische Untersuchungen an der Zwergfledermaus (<i>Pipistrellus pipistrellus<\/i>) zum Ph\u00e4nomen \"Invasion\". Zeitschrift f\u00fcr S\u00e4ugetierkunde 63 (Sonderheft): 54-55.<\/li>\n<li>WIDDIG, T. &amp; T. SCHMIDT (1998): Rote Liste der Steinfliegen (Plecoptera) Hessens. Hessisches Ministerium des Innern und f\u00fcr Landwirtschaft, Forsten und Naturschutz, Wiesbaden, 24 Seiten.<\/li>\n<li>WIDDIG, T. (1998): Rote Liste der K\u00f6cherfliegen (Trichoptera) Hessens. Hessisches Ministerium des Innern und f\u00fcr Landwirtschaft, Forsten und Naturschutz, Wiesbaden, 37 Seiten.<\/li>\n<li>DIPPEL, C., C. HEIDGER, V. NICOLAI &amp; M. SIMON (1997): The Influence of Four Different Predators on Bark Beetles in European Forest Ecosystems (Coleoptera: Scolytidae). Entomol Gener 21: 161-175.<\/li>\n<li>SCHICKER, J. (1997): Experimentelle Untersuchungen zur Verweildauer von Vogelkadavern unter Hochspannungsfreileitungen. - Vogel und Umwelt 9, Sonderheft: 147-155.<\/li>\n<li>SIMON, M. (1997): Fledermausschutz und seine Erfordernisse f\u00fcr Architektur und Geb\u00e4udesanierung. in: Akademie f\u00fcr Natur- und Umweltschutz BADEN-W\u00dcRTTEMBERG (Hrsg.). Internationales Fledermauskolloqium 1997. Akademie f\u00fcr Natur- und Umweltschutz Baden-W\u00fcrttemberg, City. 131-140.<\/li>\n<li>SIMON, M. &amp; K. KUGELSCHAFTER (1996): Zur saisonalen Nutzungsdynamik eines Zwergfledermaus-Winterquartiers (<i>Pipistrellus pipistrellus<\/i>). Zeitschrift f\u00fcr S\u00e4ugetierkunde 61 (Sonderheft): 57-58.<\/li>\n<li>FISCHER, J., D. HERING, A. HOFFMANN, T. WIDDIG &amp; H.-W. BOHLE (1992): Beitrag zur Wasserinsektenfauna Nordwesthessens. Teil 1: K\u00f6cherfliegen (Trichoptera). Lauterbornia 12: 21-55.<\/li>\n<li>GARBE, H., U. SCH\u00c4FER, M. SIMON &amp; V. NICOLAI (1995): Zoologische Untersuchungen auf Sukzessionsfl\u00e4chen in einem Naturschutzgebiet von gesamtstaatlich repr\u00e4sentativer Bedeutung (NSG Borkener See, Altenburg IV). Mitteilungen der deutschen Gesellschaft f\u00fcr allgemeine und angewandte Entomologie 9: 819-824.<\/li>\n<li>WIDDIG, T. &amp; M. BARLAS (1995): Fische in der Eder - Fischbesiedlung, Verbreitung, Gef\u00e4hrdung und Schutz. Hessisches Ministerium des Innern und f\u00fcr Landwirtschaft, Forsten und Naturschutz, Wiesbaden, 49 Seiten.<\/li>\n<li>WIDDIG, T. &amp; T. SCHMIDT (1994): Der Kenntnisstand und die Gef\u00e4hrdungssituation der K\u00f6cher-, Stein- und Eintagsfliegenfauna Hessens. Naturschutz heute 14:93-107.<\/li>\n<\/ul>\n","protected":false},"excerpt":{"rendered":"<p>Als Ergebnis unserer langj\u00e4hrigen wissenschaftlichen und gutachterlichen T\u00e4tigkeiten sind einige Publikationen von uns erschienen. Bei Interesse an Sonderdrucken oder Fragen zu den Ver\u00f6ffentlichungen schreiben Sie uns bitte eine E-Mail. WULFERT, K., K\u00d6STERMEYER, H., LAU, M., FISCHER, S., KOSTELNIK, I., SCH\u00d6NE-WARNEFELD, J., WEBER, J. (2022): V\u00f6gel und Windenergienutzung: Best Practice-Beispiele und planerische Ans\u00e4tze zur Konfliktl\u00f6sung. BfN-Schriften <a href=\"https:\/\/simon-widdig.de\/website\/referenzen\/veroeffentlichungen\/\" class=\"more-link\">...weiterlesen<span class=\"screen-reader-text\"> \"Ver\u00f6ffentlichungen\"<\/span><\/a><\/p>\n","protected":false},"author":3,"featured_media":478,"parent":13,"menu_order":0,"comment_status":"closed","ping_status":"closed","template":"","meta":{"ngg_post_thumbnail":0,"footnotes":""},"class_list":["post-366","page","type-page","status-publish","has-post-thumbnail","h-entry","hentry","h-as-page"],"_links":{"self":[{"href":"https:\/\/simon-widdig.de\/website\/wp-json\/wp\/v2\/pages\/366","targetHints":{"allow":["GET"]}}],"collection":[{"href":"https:\/\/simon-widdig.de\/website\/wp-json\/wp\/v2\/pages"}],"about":[{"href":"https:\/\/simon-widdig.de\/website\/wp-json\/wp\/v2\/types\/page"}],"author":[{"embeddable":true,"href":"https:\/\/simon-widdig.de\/website\/wp-json\/wp\/v2\/users\/3"}],"replies":[{"embeddable":true,"href":"https:\/\/simon-widdig.de\/website\/wp-json\/wp\/v2\/comments?post=366"}],"version-history":[{"count":8,"href":"https:\/\/simon-widdig.de\/website\/wp-json\/wp\/v2\/pages\/366\/revisions"}],"predecessor-version":[{"id":1089,"href":"https:\/\/simon-widdig.de\/website\/wp-json\/wp\/v2\/pages\/366\/revisions\/1089"}],"up":[{"embeddable":true,"href":"https:\/\/simon-widdig.de\/website\/wp-json\/wp\/v2\/pages\/13"}],"wp:featuredmedia":[{"embeddable":true,"href":"https:\/\/simon-widdig.de\/website\/wp-json\/wp\/v2\/media\/478"}],"wp:attachment":[{"href":"https:\/\/simon-widdig.de\/website\/wp-json\/wp\/v2\/media?parent=366"}],"curies":[{"name":"wp","href":"https:\/\/api.w.org\/{rel}","templated":true}]}}