{"id":322,"date":"2022-11-17T09:29:20","date_gmt":"2022-11-17T08:29:20","guid":{"rendered":"https:\/\/simon-widdig.de\/website\/?page_id=322"},"modified":"2026-04-08T13:04:17","modified_gmt":"2026-04-08T11:04:17","slug":"geschaeftsfuehrung","status":"publish","type":"page","link":"https:\/\/simon-widdig.de\/website\/geschaeftsfuehrung\/","title":{"rendered":"Gesch\u00e4ftsf\u00fchrung"},"content":{"rendered":"\n<h1 class=\"wp-block-heading\">&nbsp;<\/h1>\n\n\n\n<p>Die&nbsp;<strong>Simon &amp; Widdig GbR - B\u00fcro f\u00fcr Landschafts\u00f6kologie<\/strong>&nbsp;wurde im Jahr 2002 von den Diplom-Biologen Matthias Simon und Thomas Widdig gegr\u00fcndet. Beide waren zuvor langj\u00e4hrig als naturschutzfachliche Gutachter und Planer t\u00e4tig und arbeiteten erfolgreich bei einer Vielzahl Projekte zusammen.<\/p>\n\n\n\n<p>Mit dem Zusammenschluss zum\u00a0<strong>B\u00fcro f\u00fcr Landschafts\u00f6kologie<\/strong>\u00a0wurde am Standort Marburg ein leistungsf\u00e4higes und modernes Planungsb\u00fcro gegr\u00fcndet, das mit seinem hoch qualifizierten\u00a0<a href=\"https:\/\/simon-widdig.de\/website\/team\" data-type=\"URL\" data-id=\"https:\/\/simon-widdig.de\/website\/team\">Team<\/a>\u00a0in der Lage ist, auch umfangreiche und komplexe Projekte erfolgreich zu bearbeiten.<\/p>\n\n\n\n<div class=\"wp-block-columns is-style-econature-lite-columns-overlap is-layout-flex wp-container-core-columns-is-layout-9d6595d7 wp-block-columns-is-layout-flex\">\n<div class=\"wp-block-column is-layout-flow wp-block-column-is-layout-flow\">\n<h2 class=\"wp-block-heading\" id=\"matthias-simon-1\">Matthias Simon<\/h2>\n\n\n\n\n\n<figure class=\"wp-block-image size-medium is-resized is-style-rounded\"><img loading=\"lazy\" decoding=\"async\" width=\"300\" height=\"300\" src=\"https:\/\/simon-widdig.de\/website\/wp-content\/uploads\/2023\/04\/MS3_2023-300x300.jpg\" alt=\"\" class=\"wp-image-952\" style=\"width:225px;height:225px\" srcset=\"https:\/\/simon-widdig.de\/website\/wp-content\/uploads\/2023\/04\/MS3_2023-300x300.jpg 300w, https:\/\/simon-widdig.de\/website\/wp-content\/uploads\/2023\/04\/MS3_2023-150x150.jpg 150w, https:\/\/simon-widdig.de\/website\/wp-content\/uploads\/2023\/04\/MS3_2023.jpg 700w\" sizes=\"auto, (max-width: 300px) 100vw, 300px\" \/><\/figure>\n\n\n\n<p>Diplom-Biologe<\/p>\n\n\n\n<h4 class=\"wp-block-heading\" id=\"berufsausbildung-und-beruflicher-werdegang\">Berufsausbildung und beruflicher Werdegang<\/h4>\n\n\n\n<p>Studium der Biologie an der Philipps-Universit\u00e4t Marburg, Fachrichtung Tier\u00f6kologie.<\/p>\n<p>Von 1991 bis 2002 wissenschaftlicher Mitarbeiter der Philipps-Universit\u00e4t Marburg (Fachgebiet \u00d6kologie).<\/p>\n<p>Seit 1991 freiberufliche T\u00e4tigkeiten im Bereich naturschutzfachlicher Gutachten und Planungen.<\/p>\n<p>Seit 2002 Gesch\u00e4ftsf\u00fchrer der Simon &amp; Widdig GbR - B\u00fcro f\u00fcr Landschafts\u00f6kologie.<\/p>\n<h4>Berufs- und Projekterfahrung (Auszug)<\/h4>\n<ul>\n<li>Faunistische Erhebungen Schwerpunkte: Flederm\u00e4use, S\u00e4ugetiere, V\u00f6gel, Amphibien, K\u00e4fer)<\/li>\n<li>Projektleitung bei FFH-Vertr\u00e4glichkeitspr\u00fcfungen, Artenschutzfachbeitr\u00e4gen, Monitoring von FFH-Arten, baubegleitenden Artenschutzma\u00dfnahmen<\/li>\n<li>Projektkoordinator und Berater bei Gro\u00dfprojekten wie dem Ausbau des Flughafens Frankfurt\/Main<\/li>\n<li>Leitung von Forschungsprojekten des Bundesamtes f\u00fcr Naturschutz<\/li>\n<li>Fachliche Begleitung von Gerichtsverfahren vor dem BVerwG<\/li>\n<\/ul>\n\n\n\n<h4 class=\"wp-block-heading\" id=\"kontakt-1\">Kontakt<\/h4>\n\n\n\n<p>Tel.: 06421 - 9 71 29-0<\/p>\n<\/div>\n\n\n\n<div class=\"wp-block-column is-layout-flow wp-block-column-is-layout-flow\">\n<h2 class=\"wp-block-heading\" id=\"thomas-widdig-1\">Thomas Widdig<\/h2>\n\n\n\n\n\n<figure class=\"wp-block-image size-medium is-resized is-style-rounded\"><img loading=\"lazy\" decoding=\"async\" width=\"300\" height=\"300\" src=\"https:\/\/simon-widdig.de\/website\/wp-content\/uploads\/2023\/04\/TW_2023-300x300.jpg\" alt=\"\" class=\"wp-image-933\" style=\"width:225px;height:225px\" srcset=\"https:\/\/simon-widdig.de\/website\/wp-content\/uploads\/2023\/04\/TW_2023-300x300.jpg 300w, https:\/\/simon-widdig.de\/website\/wp-content\/uploads\/2023\/04\/TW_2023-150x150.jpg 150w, https:\/\/simon-widdig.de\/website\/wp-content\/uploads\/2023\/04\/TW_2023.jpg 700w\" sizes=\"auto, (max-width: 300px) 100vw, 300px\" \/><\/figure>\n\n\n\n<p>Diplom-Biologe<\/p>\n\n\n\n<h4 class=\"wp-block-heading\">Berufsausbildung und beruflicher Werdegang<\/h4>\n\n\n\n<p>Studium der Biologie an der Philipps-Universit\u00e4t Marburg, Fachgebiete Tier\u00f6kologie und Limnologie.<\/p>\n\n\n\n<p>Seit 1988 freiberufliche T\u00e4tigkeit im Bereich naturschutzfachlicher Gutachten und Planungen (seit 1993 hauptberuflich).<\/p>\n\n\n\n<p>Von 1989 bis 1991 wissenschaftlicher Mitarbeiter an der Philipps-Universit\u00e4t Marburg (Fachgebiet Tier\u00f6kologie\/Limnologie).<\/p>\n\n\n\n<p>Von 1991 bis 1992 wissenschaftlicher Mitarbeiter im Pilotprojekt \"Obere Eder\" des Kurhessischen Fischereiverbandes.<\/p>\n\n\n\n<p>Seit 2002 Gesch\u00e4ftsf\u00fchrer der Simon &amp; Widdig GbR - B\u00fcro f\u00fcr Landschafts\u00f6kologie.<\/p>\n\n\n\n<h4 class=\"wp-block-heading\">Berufs- und Projekterfahrung<\/h4>\n\n\n\n<ul>\n<li>Faunistische Erhebungen (Schwerpunkte: Reptilien, Amphibien, Fische, Tagfalter, Heuschrecken, Libellen, Makrozoobenthos)<\/li>\n<li>Projektleitung bei FFH-Vertr\u00e4glichkeitspr\u00fcfungen, Artenschutzfachbeitr\u00e4gen, Monitoring von FFH-Arten, baubegleitenden Artenschutzma\u00dfnahmen<\/li>\n<li>Projektkoordinator und Berater bei Gro\u00dfprojekten wie dem Neubau mehrerer Abschnitte der Bundesautobahn A 44<\/li>\n<li>Leitung von Forschungsprojekten des Bundesamtes f\u00fcr Naturschutz<\/li>\n<li>Fachliche Begleitung von Gerichtsverfahren vor dem BVerwG<\/li>\n<\/ul>\n\n\n\n<h4 class=\"wp-block-heading\">Kontakt<\/h4>\n\n\n\n<p>Tel. 06421 - 9 71 29-0<\/p>\n<\/div>\n<\/div>\n\n\n<p><!-- \/wp:post-content --><\/p>\n<p><!-- wp:heading {\"level\":3} --><\/p>\n<h1 id=\"assistenz-der-geschaftsleitung\" class=\"wp-block-heading\">Assistenz der Gesch\u00e4ftsf\u00fchrung<\/h1>\n<p><!-- \/wp:heading --><\/p>\n<p><!-- wp:columns {\"className\":\"is-style-econature-lite-columns-overlap\"} --><\/p>\n<div class=\"wp-block-columns is-style-econature-lite-columns-overlap\"><!-- wp:column -->\n<div class=\"wp-block-column\"><!-- wp:heading {\"level\":3} -->\n<h2 id=\"anita-binnebesel\" class=\"wp-block-heading\">Anita Binnebesel<\/h2>\n<figure class=\"wp-block-image size-medium is-resized is-style-rounded\"><img loading=\"lazy\" decoding=\"async\" class=\"wp-image-704\" src=\"https:\/\/simon-widdig.de\/website\/wp-content\/uploads\/2022\/11\/A_Binnebesel_Portrait-300x300.jpg\" alt=\"\" width=\"225\" height=\"225\"><\/figure>\n<p><!-- \/wp:heading --><\/p>\n<p><!-- wp:paragraph --><\/p>\n<p>Kauffrau im Einzelhandel<\/p>\n<p><!-- \/wp:paragraph --><\/p>\n<p><!-- wp:tadv\/classic-paragraph --><\/p>\n<ul>\n<li>Assistenz der Gesch\u00e4ftsf\u00fchrung<\/li>\n<li>Buchhaltung<\/li>\n<li>Personalverwaltung<\/li>\n<li>B\u00fcromanagement<\/li>\n<\/ul>\n<h3 id=\"kontakt\">Kontakt<\/h3>\n<p>Tel.: 06421 - 9 71 29-0<\/p>\n<p>&nbsp;<\/p>\n<p><!-- \/wp:tadv\/classic-paragraph --><\/p>\n<\/div>\n<p><!-- \/wp:column --><\/p>\n<p><!-- wp:column --><\/p>\n<div class=\"wp-block-column\"><!-- wp:heading {\"level\":3} -->\n<h2 id=\"jasmin-riehl\" class=\"wp-block-heading\">Jasmin Riehl<\/h2>\n<p><!-- \/wp:heading --><\/p>\n<p><!-- wp:paragraph --><\/p>\n<p><!-- \/wp:paragraph --><\/p>\n<p><!-- wp:image {\"id\":703,\"width\":225,\"height\":225,\"sizeSlug\":\"medium\",\"linkDestination\":\"none\",\"className\":\"is-style-rounded\"} --><\/p>\n<figure class=\"wp-block-image size-medium is-resized is-style-rounded\"><img loading=\"lazy\" decoding=\"async\" class=\"wp-image-703\" src=\"https:\/\/simon-widdig.de\/website\/wp-content\/uploads\/2022\/11\/J_riehl_Portrait-1-300x300.jpg\" alt=\"\" width=\"225\" height=\"225\"><\/figure>\n<p><!-- \/wp:image --><\/p>\n<p><!-- wp:paragraph --><\/p>\n<p>Kauffrau im Einzelhandel<\/p>\n<p><!-- \/wp:paragraph --><\/p>\n<p><!-- wp:tadv\/classic-paragraph --><\/p>\n<ul>\n<li>Assistenz der Gesch\u00e4ftsf\u00fchrung<\/li>\n<li>Buchhaltung<\/li>\n<li>Personalverwaltung<\/li>\n<li>B\u00fcromanagement<\/li>\n<\/ul>\n<h3 id=\"kontakt\">Kontakt<\/h3>\n<p>Tel.: 06421 - 9 71 29-53<\/p>\n<p><!-- \/wp:tadv\/classic-paragraph --><\/p>\n<\/div>\n<p><!-- \/wp:column --><\/p>\n<\/div>\n<p><!-- \/wp:columns --><\/p>\n<p><!-- wp:paragraph --><\/p>\n<p>&nbsp;<\/p>\n<p><!-- \/wp:paragraph --><\/p>","protected":false},"excerpt":{"rendered":"<p>&nbsp; Die&nbsp;Simon &amp; Widdig GbR - B\u00fcro f\u00fcr Landschafts\u00f6kologie&nbsp;wurde im Jahr 2002 von den Diplom-Biologen Matthias Simon und Thomas Widdig gegr\u00fcndet. Beide waren zuvor langj\u00e4hrig als naturschutzfachliche Gutachter und Planer t\u00e4tig und arbeiteten erfolgreich bei einer Vielzahl Projekte zusammen. Mit dem Zusammenschluss zum\u00a0B\u00fcro f\u00fcr Landschafts\u00f6kologie\u00a0wurde am Standort Marburg ein leistungsf\u00e4higes und modernes Planungsb\u00fcro gegr\u00fcndet, das <a href=\"https:\/\/simon-widdig.de\/website\/geschaeftsfuehrung\/\" class=\"more-link\">...weiterlesen<span class=\"screen-reader-text\"> \"Gesch\u00e4ftsf\u00fchrung\"<\/span><\/a><\/p>\n","protected":false},"author":3,"featured_media":0,"parent":0,"menu_order":0,"comment_status":"closed","ping_status":"closed","template":"page-templates\/full-width.php","meta":{"ngg_post_thumbnail":0,"footnotes":""},"class_list":["post-322","page","type-page","status-publish","h-entry","hentry","h-as-page"],"_links":{"self":[{"href":"https:\/\/simon-widdig.de\/website\/wp-json\/wp\/v2\/pages\/322","targetHints":{"allow":["GET"]}}],"collection":[{"href":"https:\/\/simon-widdig.de\/website\/wp-json\/wp\/v2\/pages"}],"about":[{"href":"https:\/\/simon-widdig.de\/website\/wp-json\/wp\/v2\/types\/page"}],"author":[{"embeddable":true,"href":"https:\/\/simon-widdig.de\/website\/wp-json\/wp\/v2\/users\/3"}],"replies":[{"embeddable":true,"href":"https:\/\/simon-widdig.de\/website\/wp-json\/wp\/v2\/comments?post=322"}],"version-history":[{"count":30,"href":"https:\/\/simon-widdig.de\/website\/wp-json\/wp\/v2\/pages\/322\/revisions"}],"predecessor-version":[{"id":1427,"href":"https:\/\/simon-widdig.de\/website\/wp-json\/wp\/v2\/pages\/322\/revisions\/1427"}],"wp:attachment":[{"href":"https:\/\/simon-widdig.de\/website\/wp-json\/wp\/v2\/media?parent=322"}],"curies":[{"name":"wp","href":"https:\/\/api.w.org\/{rel}","templated":true}]}}