{"id":15,"date":"2022-01-25T10:21:15","date_gmt":"2022-01-25T09:21:15","guid":{"rendered":"https:\/\/simon-widdig.de\/website\/?page_id=15"},"modified":"2024-07-09T10:05:10","modified_gmt":"2024-07-09T08:05:10","slug":"buero","status":"publish","type":"page","link":"https:\/\/simon-widdig.de\/website\/buero\/","title":{"rendered":"\u00dcber uns"},"content":{"rendered":"\n<p>Die Simon &amp; Widdig GbR wurde im Jahr 2002 durch den Zusammenschluss zweier erfahrener, kleiner B\u00fcros von <a href=\"https:\/\/simon-widdig.de\/website\/geschaeftsfuehrung\/\" data-type=\"page\" data-id=\"322\">Matthias Simon und Thomas Widdig<\/a> gegr\u00fcndete. Wesentliches Ziel beim Aufbau des Standortes in Marburg war es, die tier\u00f6kologischen Kompetenzen zu b\u00fcndeln und das Angebot an Leistungen sukzessive zu erweitern. In kurzer Zeit ist es gelungen, ein stabiles und <a href=\"https:\/\/simon-widdig.de\/website\/team\/\" data-type=\"page\" data-id=\"11\">qualifiziertes Team<\/a> aufzubauen und umfangreiche und anspruchsvolle Aufgaben erfolgreich zu bearbeiten.<\/p>\n\n\n\n<p>Dabei steht f\u00fcr uns im Vordergrund, ein verl\u00e4sslicher und vertrauensw\u00fcrdiger Vertragspartner f\u00fcr unsere Auftraggeber zu sein. Wir arbeiten an einer kontinuierlich hohen Qualit\u00e4t unserer Produkte, die auch bei einem engen Zeitrahmen gew\u00e4hrleistet werden kann.<\/p>\n\n\n\n<p>Eine Hauptmotivation f\u00fcr unser Team ist es, die Belange von Natur und Umwelt sachgerecht und angemessen sowohl in Schutzgebieten als auch im Rahmen von gro\u00dfen Eingriffsprojekten zu vertreten. Die hohe Leistungsbereitschaft unseres Unternehmens - in Kombination mit Flexibilit\u00e4t und Mobilit\u00e4t - versetzt uns in die Lage, umfangreiche Projekte fristgerecht zu bearbeiten.<\/p>\n\n\n\n<p>Ein weiterer bedeutsamer T\u00e4tigkeitsbereich liegt im Bereich der \u00d6ffentlichkeitsarbeit. Darunter fallen Spezialexkursionen und Vortr\u00e4ge aber auch Konzeptionen f\u00fcr die Integration von Tourismus in den Naturschutz.<\/p>\n\n\n\n<p><\/p>\n","protected":false},"excerpt":{"rendered":"<p>Die Simon &amp; Widdig GbR wurde im Jahr 2002 durch den Zusammenschluss zweier erfahrener, kleiner B\u00fcros von Matthias Simon und Thomas Widdig gegr\u00fcndete. Wesentliches Ziel beim Aufbau des Standortes in Marburg war es, die tier\u00f6kologischen Kompetenzen zu b\u00fcndeln und das Angebot an Leistungen sukzessive zu erweitern. In kurzer Zeit ist es gelungen, ein stabiles und <a href=\"https:\/\/simon-widdig.de\/website\/buero\/\" class=\"more-link\">...weiterlesen<span class=\"screen-reader-text\"> \"\u00dcber uns\"<\/span><\/a><\/p>\n","protected":false},"author":3,"featured_media":296,"parent":0,"menu_order":0,"comment_status":"closed","ping_status":"closed","template":"","meta":{"ngg_post_thumbnail":0,"footnotes":""},"class_list":["post-15","page","type-page","status-publish","has-post-thumbnail","h-entry","hentry","h-as-page"],"_links":{"self":[{"href":"https:\/\/simon-widdig.de\/website\/wp-json\/wp\/v2\/pages\/15","targetHints":{"allow":["GET"]}}],"collection":[{"href":"https:\/\/simon-widdig.de\/website\/wp-json\/wp\/v2\/pages"}],"about":[{"href":"https:\/\/simon-widdig.de\/website\/wp-json\/wp\/v2\/types\/page"}],"author":[{"embeddable":true,"href":"https:\/\/simon-widdig.de\/website\/wp-json\/wp\/v2\/users\/3"}],"replies":[{"embeddable":true,"href":"https:\/\/simon-widdig.de\/website\/wp-json\/wp\/v2\/comments?post=15"}],"version-history":[{"count":5,"href":"https:\/\/simon-widdig.de\/website\/wp-json\/wp\/v2\/pages\/15\/revisions"}],"predecessor-version":[{"id":1222,"href":"https:\/\/simon-widdig.de\/website\/wp-json\/wp\/v2\/pages\/15\/revisions\/1222"}],"wp:featuredmedia":[{"embeddable":true,"href":"https:\/\/simon-widdig.de\/website\/wp-json\/wp\/v2\/media\/296"}],"wp:attachment":[{"href":"https:\/\/simon-widdig.de\/website\/wp-json\/wp\/v2\/media?parent=15"}],"curies":[{"name":"wp","href":"https:\/\/api.w.org\/{rel}","templated":true}]}}